{"id":145,"date":"2021-07-21T20:30:57","date_gmt":"2021-07-21T20:30:57","guid":{"rendered":"https:\/\/kortol.com.br\/?page_id=145"},"modified":"2021-07-21T20:43:16","modified_gmt":"2021-07-21T20:43:16","slug":"oleos-protetivos-contra-ferrugem","status":"publish","type":"page","link":"https:\/\/kortol.com.br\/en\/produtos-kortol\/oleos-protetivos-contra-ferrugem\/","title":{"rendered":"\u00d3leos Protetivos Contra Ferrugem"},"content":{"rendered":"<div data-elementor-type=\"wp-page\" data-elementor-id=\"145\" class=\"elementor elementor-145\" data-elementor-post-type=\"page\">\n\t\t\t\t\t\t<section class=\"elementor-section elementor-top-section elementor-element elementor-element-4bb319a elementor-section-content-middle elementor-section-boxed elementor-section-height-default elementor-section-height-default\" data-id=\"4bb319a\" data-element_type=\"section\" data-e-type=\"section\" id=\"oleoscompressores\" data-settings=\"{&quot;background_background&quot;:&quot;classic&quot;}\">\n\t\t\t\t\t\t<div class=\"elementor-container elementor-column-gap-no\">\n\t\t\t\t\t<div class=\"elementor-column elementor-col-100 elementor-top-column elementor-element elementor-element-4c4fbdf6\" data-id=\"4c4fbdf6\" data-element_type=\"column\" data-e-type=\"column\">\n\t\t\t<div class=\"elementor-widget-wrap elementor-element-populated\">\n\t\t\t\t\t\t<div class=\"elementor-element elementor-element-645dbf38 elementor-widget elementor-widget-heading\" data-id=\"645dbf38\" data-element_type=\"widget\" data-e-type=\"widget\" data-widget_type=\"heading.default\">\n\t\t\t\t<div class=\"elementor-widget-container\">\n\t\t\t\t\t<h4 class=\"elementor-heading-title elementor-size-default\">\u00d3leos para compressores de ar<\/h4>\t\t\t\t<\/div>\n\t\t\t\t<\/div>\n\t\t\t\t<section class=\"elementor-section elementor-inner-section elementor-element elementor-element-6db9f9c6 elementor-section-content-middle elementor-section-boxed elementor-section-height-default elementor-section-height-default\" data-id=\"6db9f9c6\" data-element_type=\"section\" data-e-type=\"section\">\n\t\t\t\t\t\t<div class=\"elementor-container elementor-column-gap-no\">\n\t\t\t\t\t<div class=\"elementor-column elementor-col-100 elementor-inner-column elementor-element elementor-element-4fd296fb elementor-invisible\" data-id=\"4fd296fb\" data-element_type=\"column\" data-e-type=\"column\" data-settings=\"{&quot;background_background&quot;:&quot;gradient&quot;,&quot;animation&quot;:&quot;lightSpeedIn&quot;}\">\n\t\t\t<div class=\"elementor-widget-wrap elementor-element-populated\">\n\t\t\t\t\t<div class=\"elementor-background-overlay\"><\/div>\n\t\t\t\t\t\t<div class=\"elementor-element elementor-element-56d2eed6 elementor-widget elementor-widget-text-editor\" data-id=\"56d2eed6\" data-element_type=\"widget\" data-e-type=\"widget\" data-widget_type=\"text-editor.default\">\n\t\t\t\t<div class=\"elementor-widget-container\">\n\t\t\t\t\t\t\t\t\t<h5>\u00a0<\/h5><h5 style=\"text-align: left;\"><span style=\"color: #2f6081;\">COMPRESSOR-68:<\/span> \u00d3leo lubrificante para compressores de ar , tipo parafuso.<\/h5><p>\u00a0<\/p><h5 style=\"text-align: left;\"><span style=\"color: #2f6081;\">COMPRESSOR 100 e 150:<\/span> \u00d3leos para compressor de ar nos Graus ISO VG: 100 e 150 para lubrifica\u00e7\u00e3o de compressores de ar de pist\u00e3o.<\/h5><p>\u00a0<\/p><h5 style=\"text-align: left;\"><span style=\"color: #2f6081;\">COMPRESSOR 100 \u2013V e COMPRESSOR 150-V:<\/span> \u00d3leos para compressores na cor vermelha.<\/h5><p>\u00a0<\/p><p>\u00a0<\/p><p>\u00a0<\/p>\t\t\t\t\t\t\t\t<\/div>\n\t\t\t\t<\/div>\n\t\t\t\t\t<\/div>\n\t\t<\/div>\n\t\t\t\t\t<\/div>\n\t\t<\/section>\n\t\t\t\t<div class=\"elementor-element elementor-element-bad208a elementor-widget elementor-widget-text-editor\" data-id=\"bad208a\" data-element_type=\"widget\" data-e-type=\"widget\" data-widget_type=\"text-editor.default\">\n\t\t\t\t<div class=\"elementor-widget-container\">\n\t\t\t\t\t\t\t\t\t<p>\u00a0<\/p><p>\u00a0<\/p><p>\u00a0<\/p><p>\u00a0<\/p><p>\u00a0<\/p><p>\u00a0<\/p>\t\t\t\t\t\t\t\t<\/div>\n\t\t\t\t<\/div>\n\t\t\t\t\t<\/div>\n\t\t<\/div>\n\t\t\t\t\t<\/div>\n\t\t<\/section>\n\t\t\t\t<\/div>","protected":false},"excerpt":{"rendered":"<p>\u00d3leos para compressores de ar &nbsp; COMPRESSOR-68: \u00d3leo lubrificante para compressores de ar , tipo parafuso. COMPRESSOR 100 e 150: \u00d3leos para compressor de ar nos Graus ISO VG: 100 e 150 para lubrifica\u00e7\u00e3o de compressores de ar de pist\u00e3o. COMPRESSOR 100 \u2013V e COMPRESSOR 150-V: \u00d3leos para compressores na cor vermelha.<\/p>","protected":false},"author":1,"featured_media":0,"parent":55,"menu_order":0,"comment_status":"closed","ping_status":"closed","template":"","meta":{"_joinchat":[],"footnotes":""},"class_list":["post-145","page","type-page","status-publish","hentry"],"_links":{"self":[{"href":"https:\/\/kortol.com.br\/en\/wp-json\/wp\/v2\/pages\/145","targetHints":{"allow":["GET"]}}],"collection":[{"href":"https:\/\/kortol.com.br\/en\/wp-json\/wp\/v2\/pages"}],"about":[{"href":"https:\/\/kortol.com.br\/en\/wp-json\/wp\/v2\/types\/page"}],"author":[{"embeddable":true,"href":"https:\/\/kortol.com.br\/en\/wp-json\/wp\/v2\/users\/1"}],"replies":[{"embeddable":true,"href":"https:\/\/kortol.com.br\/en\/wp-json\/wp\/v2\/comments?post=145"}],"version-history":[{"count":6,"href":"https:\/\/kortol.com.br\/en\/wp-json\/wp\/v2\/pages\/145\/revisions"}],"predecessor-version":[{"id":182,"href":"https:\/\/kortol.com.br\/en\/wp-json\/wp\/v2\/pages\/145\/revisions\/182"}],"up":[{"embeddable":true,"href":"https:\/\/kortol.com.br\/en\/wp-json\/wp\/v2\/pages\/55"}],"wp:attachment":[{"href":"https:\/\/kortol.com.br\/en\/wp-json\/wp\/v2\/media?parent=145"}],"curies":[{"name":"wp","href":"https:\/\/api.w.org\/{rel}","templated":true}]}}